{"id":5634,"date":"2022-05-08T12:47:06","date_gmt":"2022-05-08T09:47:06","guid":{"rendered":"https:\/\/kenguru.ee\/hoiatus-voltsimine\/"},"modified":"2022-12-20T14:53:08","modified_gmt":"2022-12-20T11:53:08","slug":"hoiatus-voltsimine","status":"publish","type":"page","link":"https:\/\/kenguru.ee\/et\/vahendid\/hoiatus-voltsimine\/","title":{"rendered":"Hoiatus v\u00f5ltsimine"},"content":{"rendered":"<p class=\" eplus-wrapper\">Tahame juhtida teie t\u00e4helepanu hoolimatute t\u00e4navatreeningu seadmete tootjate rohkusele turul. Olge v\u00e4ga valvas, eriti nende tootjate suhtes, kelle veebisaidid sisaldavad ainult joonistatud (2D, 3D) kujunduspaigutusi ega sisalda fotosid nende ehitatud reaalsetest objektidest.<\/p><p class=\" eplus-wrapper\">Nendel tootjatel puudub t\u00e4navatreeningu seadmete tootmise ja paigaldamise tehnoloogia ja kogemus. Eelk\u00f5ige \u00fchenduss\u00f5lmede osas konstruktsioonide t\u00f6\u00f6kindluse ja ohutuse tagamine \u00fcldiselt. . Olge tarnijat valides ettevaatlik ja pidage meeles, et noorte tervis ja elu s\u00f5ltub suuresti seadmete kvaliteedist. \u00c4rge asetage oma lapsi tarbetule riskile!<\/p><div class=\"wp-block-columns alignwide eplus-wrapper is-layout-flex wp-container-core-columns-is-layout-28f84493 wp-block-columns-is-layout-flex\"><div class=\"wp-block-column eplus-wrapper is-layout-flow wp-block-column-is-layout-flow\"><style>.kt-svg-icons_6c8d0c-a1 .kt-svg-item-0 .kb-svg-icon-wrap{color:#ff0000;font-size:50px;}.wp-block-kadence-icon.kt-svg-icons_6c8d0c-a1{justify-content:flex-start;}<\/style>\n<div class=\"wp-block-kadence-icon kt-svg-icons kt-svg-icons_6c8d0c-a1 alignnone\" style=\"text-align:left\"><div class=\"kt-svg-style-default kt-svg-icon-wrap kt-svg-item-0\"><div style=\"display:inline-flex;justify-content:center;align-items:center;color:#ff0000\" class=\"kt-svg-icon kt-svg-icon-fe_alertCircle\"><svg style=\"display:inline-block;vertical-align:middle\" viewbox=\"0 0 24 24\" height=\"50\" width=\"50\" fill=\"none\" stroke=\"currentColor\" xmlns=\"http:\/\/www.w3.org\/2000\/svg\" stroke-width=\"2\" stroke-linecap=\"round\" stroke-linejoin=\"round\" aria-hidden=\"true\"><circle cx=\"12\" cy=\"12\" r=\"10\"><\/circle><line x1=\"12\" y1=\"8\" x2=\"12\" y2=\"12\"><\/line><line x1=\"12\" y1=\"16\" x2=\"12\" y2=\"16\"><\/line><\/svg><\/div><\/div><\/div><\/div>\n\n<div class=\"wp-block-column eplus-wrapper is-layout-flow wp-block-column-is-layout-flow\"><style>.kt-svg-icons_071020-44 .kt-svg-item-0 .kb-svg-icon-wrap{color:#00ff00;font-size:50px;}.wp-block-kadence-icon.kt-svg-icons_071020-44{justify-content:flex-start;}<\/style>\n<div class=\"wp-block-kadence-icon kt-svg-icons kt-svg-icons_071020-44 alignnone\" style=\"text-align:left\"><div class=\"kt-svg-style-default kt-svg-icon-wrap kt-svg-item-0\"><div style=\"display:inline-flex;justify-content:center;align-items:center;color:#00ff00\" class=\"kt-svg-icon kt-svg-icon-fe_checkCircle\"><svg style=\"display:inline-block;vertical-align:middle\" viewbox=\"0 0 24 24\" height=\"50\" width=\"50\" fill=\"none\" stroke=\"currentColor\" xmlns=\"http:\/\/www.w3.org\/2000\/svg\" stroke-width=\"2\" stroke-linecap=\"round\" stroke-linejoin=\"round\" aria-hidden=\"true\"><path d=\"M22 11.08V12a10 10 0 1 1-5.93-9.14\"><\/path><polyline points=\"22 4 12 14.01 9 11.01\"><\/polyline><\/svg><\/div><\/div><\/div><\/div><\/div><div class=\"wp-block-columns alignwide eplus-wrapper is-layout-flex wp-container-core-columns-is-layout-28f84493 wp-block-columns-is-layout-flex\"><div class=\"wp-block-column eplus-wrapper is-layout-flow wp-block-column-is-layout-flow\"><figure class=\"wp-block-image size-full is-resized eplus-wrapper\"><img loading=\"lazy\" decoding=\"async\" src=\"https:\/\/kenguru.ee\/wp-content\/uploads\/2022\/05\/001-1-5-1.jpg\" alt=\"\" class=\"wp-image-1720\" width=\"600\" height=\"690\" srcset=\"https:\/\/kenguru.ee\/wp-content\/uploads\/2022\/05\/001-1-5-1.jpg 782w, https:\/\/kenguru.ee\/wp-content\/uploads\/2022\/05\/001-1-5-1-600x691.jpg 600w\" sizes=\"auto, (max-width: 600px) 100vw, 600px\" \/><\/figure><\/div>\n\n<div class=\"wp-block-column eplus-wrapper is-layout-flow wp-block-column-is-layout-flow\"><figure class=\"wp-block-image size-full eplus-wrapper\"><img loading=\"lazy\" decoding=\"async\" width=\"600\" height=\"600\" src=\"https:\/\/kenguru.ee\/wp-content\/uploads\/2022\/05\/002-9.jpg\" alt=\"\" class=\"wp-image-1721\" srcset=\"https:\/\/kenguru.ee\/wp-content\/uploads\/2022\/05\/002-9.jpg 600w, https:\/\/kenguru.ee\/wp-content\/uploads\/2022\/05\/002-9-300x300.jpg 300w, https:\/\/kenguru.ee\/wp-content\/uploads\/2022\/05\/002-9-100x100.jpg 100w\" sizes=\"auto, (max-width: 600px) 100vw, 600px\" \/><\/figure><\/div><\/div><div class=\"wp-block-columns alignwide eplus-wrapper is-layout-flex wp-container-core-columns-is-layout-28f84493 wp-block-columns-is-layout-flex\"><div class=\"wp-block-column eplus-wrapper is-layout-flow wp-block-column-is-layout-flow\"><\/div>\n\n<div class=\"wp-block-column eplus-wrapper is-layout-flow wp-block-column-is-layout-flow\"><\/div><\/div>","protected":false},"excerpt":{"rendered":"<p>Tahame juhtida teie t\u00e4helepanu hoolimatute t\u00e4navatreeningu seadmete tootjate rohkusele turul. Olge v\u00e4ga valvas, eriti nende tootjate suhtes, kelle veebisaidid sisaldavad ainult joonistatud (2D, 3D) kujunduspaigutusi ega sisalda fotosid nende ehitatud reaalsetest objektidest. Nendel tootjatel puudub t\u00e4navatreeningu seadmete tootmise ja paigaldamise tehnoloogia ja kogemus. Eelk\u00f5ige \u00fchenduss\u00f5lmede osas konstruktsioonide t\u00f6\u00f6kindluse ja ohutuse tagamine \u00fcldiselt. . Olge tarnijat &hellip;<\/p>\n<p class=\"read-more\"> <a class=\"\" href=\"https:\/\/kenguru.ee\/et\/vahendid\/hoiatus-voltsimine\/\"> <span class=\"screen-reader-text\">Hoiatus v\u00f5ltsimine<\/span> Read More &raquo;<\/a><\/p>\n","protected":false},"author":1,"featured_media":0,"parent":5653,"menu_order":0,"comment_status":"closed","ping_status":"closed","template":"","meta":{"site-sidebar-layout":"default","site-content-layout":"default","ast-global-header-display":"","ast-main-header-display":"","ast-hfb-above-header-display":"","ast-hfb-below-header-display":"","ast-hfb-mobile-header-display":"","site-post-title":"","ast-breadcrumbs-content":"","ast-featured-img":"","footer-sml-layout":"","theme-transparent-header-meta":"default","adv-header-id-meta":"","stick-header-meta":"","header-above-stick-meta":"","header-main-stick-meta":"","header-below-stick-meta":"","footnotes":""},"class_list":["post-5634","page","type-page","status-publish","hentry"],"yoast_head":"<!-- This site is optimized with the Yoast SEO Premium plugin v24.2 (Yoast SEO v24.3) - https:\/\/yoast.com\/wordpress\/plugins\/seo\/ -->\n<title>Hoiatus v\u00f5ltsimine - Kenguru<\/title>\n<meta name=\"description\" content=\"KENGURU PRO pakub vastupidavaid ja kvaliteetseid spordivahendeid k\u00f5igile tasemetele \u2013 t\u00e4navatreening, parkour, poks ja palju muud. Tellige Eestist!\" \/>\n<meta name=\"robots\" content=\"index, follow, max-snippet:-1, max-image-preview:large, max-video-preview:-1\" \/>\n<link rel=\"canonical\" href=\"https:\/\/kenguru.ee\/et\/vahendid\/hoiatus-voltsimine\/\" \/>\n<meta property=\"og:locale\" content=\"et_EE\" \/>\n<meta property=\"og:type\" content=\"article\" \/>\n<meta property=\"og:title\" content=\"High-quality and durable sports equipment for all levels \u2014 KENGURU PRO\" \/>\n<meta property=\"og:description\" content=\"KENGURU PRO offers high-quality and durable sports equipment for all levels \u2014 street workout, parkour, boxing, basketball, and much more. Order in Estonia today!\" \/>\n<meta property=\"og:url\" content=\"https:\/\/kenguru.ee\/et\/vahendid\/hoiatus-voltsimine\/\" \/>\n<meta property=\"og:site_name\" content=\"Kenguru\" \/>\n<meta property=\"article:publisher\" content=\"https:\/\/www.facebook.com\/kengurupro.ee\" \/>\n<meta property=\"article:modified_time\" content=\"2022-12-20T11:53:08+00:00\" \/>\n<meta property=\"og:image\" content=\"https:\/\/kenguru.ee\/wp-content\/uploads\/2022\/05\/001-1-5-1.jpg\" \/>\n<meta name=\"twitter:card\" content=\"summary_large_image\" \/>\n<script type=\"application\/ld+json\" class=\"yoast-schema-graph\">{\"@context\":\"https:\/\/schema.org\",\"@graph\":[{\"@type\":\"WebPage\",\"@id\":\"https:\/\/kenguru.ee\/et\/vahendid\/hoiatus-voltsimine\/\",\"url\":\"https:\/\/kenguru.ee\/et\/vahendid\/hoiatus-voltsimine\/\",\"name\":\"Hoiatus v\u00f5ltsimine - Kenguru\",\"isPartOf\":{\"@id\":\"https:\/\/kenguru.ee\/et\/#website\"},\"primaryImageOfPage\":{\"@id\":\"https:\/\/kenguru.ee\/et\/vahendid\/hoiatus-voltsimine\/#primaryimage\"},\"image\":{\"@id\":\"https:\/\/kenguru.ee\/et\/vahendid\/hoiatus-voltsimine\/#primaryimage\"},\"thumbnailUrl\":\"https:\/\/kenguru.ee\/wp-content\/uploads\/2022\/05\/001-1-5-1.jpg\",\"datePublished\":\"2022-05-08T09:47:06+00:00\",\"dateModified\":\"2022-12-20T11:53:08+00:00\",\"description\":\"KENGURU PRO pakub vastupidavaid ja kvaliteetseid spordivahendeid k\u00f5igile tasemetele \u2013 t\u00e4navatreening, parkour, poks ja palju muud. Tellige Eestist!\",\"breadcrumb\":{\"@id\":\"https:\/\/kenguru.ee\/et\/vahendid\/hoiatus-voltsimine\/#breadcrumb\"},\"inLanguage\":\"et\",\"potentialAction\":[{\"@type\":\"ReadAction\",\"target\":[\"https:\/\/kenguru.ee\/et\/vahendid\/hoiatus-voltsimine\/\"]}]},{\"@type\":\"ImageObject\",\"inLanguage\":\"et\",\"@id\":\"https:\/\/kenguru.ee\/et\/vahendid\/hoiatus-voltsimine\/#primaryimage\",\"url\":\"https:\/\/kenguru.ee\/wp-content\/uploads\/2022\/05\/001-1-5-1.jpg\",\"contentUrl\":\"https:\/\/kenguru.ee\/wp-content\/uploads\/2022\/05\/001-1-5-1.jpg\"},{\"@type\":\"BreadcrumbList\",\"@id\":\"https:\/\/kenguru.ee\/et\/vahendid\/hoiatus-voltsimine\/#breadcrumb\",\"itemListElement\":[{\"@type\":\"ListItem\",\"position\":1,\"name\":\"Home\",\"item\":\"https:\/\/kenguru.ee\/et\/\"},{\"@type\":\"ListItem\",\"position\":2,\"name\":\"Vahendid\",\"item\":\"https:\/\/kenguru.ee\/et\/resources\/\"},{\"@type\":\"ListItem\",\"position\":3,\"name\":\"Hoiatus v\u00f5ltsimine\"}]},{\"@type\":\"WebSite\",\"@id\":\"https:\/\/kenguru.ee\/et\/#website\",\"url\":\"https:\/\/kenguru.ee\/et\/\",\"name\":\"Kenguru.ee\",\"description\":\"KENGURU PRO offers high-quality and durable sports equipment for all levels.\",\"publisher\":{\"@id\":\"https:\/\/kenguru.ee\/et\/#organization\"},\"alternateName\":\"Kenguru\",\"potentialAction\":[{\"@type\":\"SearchAction\",\"target\":{\"@type\":\"EntryPoint\",\"urlTemplate\":\"https:\/\/kenguru.ee\/et\/?s={search_term_string}\"},\"query-input\":{\"@type\":\"PropertyValueSpecification\",\"valueRequired\":true,\"valueName\":\"search_term_string\"}}],\"inLanguage\":\"et\"},{\"@type\":\"Organization\",\"@id\":\"https:\/\/kenguru.ee\/et\/#organization\",\"name\":\"Kenguru\",\"url\":\"https:\/\/kenguru.ee\/et\/\",\"logo\":{\"@type\":\"ImageObject\",\"inLanguage\":\"et\",\"@id\":\"https:\/\/kenguru.ee\/et\/#\/schema\/logo\/image\/\",\"url\":\"https:\/\/kenguru.ee\/wp-content\/uploads\/2022\/05\/kengurupro-logo-header-1.svg\",\"contentUrl\":\"https:\/\/kenguru.ee\/wp-content\/uploads\/2022\/05\/kengurupro-logo-header-1.svg\",\"width\":183,\"height\":40,\"caption\":\"Kenguru\"},\"image\":{\"@id\":\"https:\/\/kenguru.ee\/et\/#\/schema\/logo\/image\/\"},\"sameAs\":[\"https:\/\/www.facebook.com\/kengurupro.ee\",\"https:\/\/www.instagram.com\/kenguruproestonia\/\",\"https:\/\/www.youtube.com\/channel\/UChFydElIX7LJIvM81crfYHQ\"],\"description\":\"KENGURU PRO is a leader in producing and installing modern sports complexes for street workout, calisthenics, and parkour. Our outdoor workout areas are designed to meet international standards and professional athletes' recommendations. Quality, usability, and stylish design are our top priorities. We promote street sports, advocate for a healthy lifestyle, and inspire young people to embrace outdoor physical activity.\",\"email\":\"Info@kenguru.ee\",\"telephone\":\"+372 55 020 99\",\"legalName\":\"Individual Group OU\"}]}<\/script>\n<!-- \/ Yoast SEO Premium plugin. -->","yoast_head_json":{"title":"Hoiatus v\u00f5ltsimine - Kenguru","description":"KENGURU PRO pakub vastupidavaid ja kvaliteetseid spordivahendeid k\u00f5igile tasemetele \u2013 t\u00e4navatreening, parkour, poks ja palju muud. Tellige Eestist!","robots":{"index":"index","follow":"follow","max-snippet":"max-snippet:-1","max-image-preview":"max-image-preview:large","max-video-preview":"max-video-preview:-1"},"canonical":"https:\/\/kenguru.ee\/et\/vahendid\/hoiatus-voltsimine\/","og_locale":"et_EE","og_type":"article","og_title":"High-quality and durable sports equipment for all levels \u2014 KENGURU PRO","og_description":"KENGURU PRO offers high-quality and durable sports equipment for all levels \u2014 street workout, parkour, boxing, basketball, and much more. Order in Estonia today!","og_url":"https:\/\/kenguru.ee\/et\/vahendid\/hoiatus-voltsimine\/","og_site_name":"Kenguru","article_publisher":"https:\/\/www.facebook.com\/kengurupro.ee","article_modified_time":"2022-12-20T11:53:08+00:00","og_image":[{"url":"https:\/\/kenguru.ee\/wp-content\/uploads\/2022\/05\/001-1-5-1.jpg","type":"","width":"","height":""}],"twitter_card":"summary_large_image","schema":{"@context":"https:\/\/schema.org","@graph":[{"@type":"WebPage","@id":"https:\/\/kenguru.ee\/et\/vahendid\/hoiatus-voltsimine\/","url":"https:\/\/kenguru.ee\/et\/vahendid\/hoiatus-voltsimine\/","name":"Hoiatus v\u00f5ltsimine - Kenguru","isPartOf":{"@id":"https:\/\/kenguru.ee\/et\/#website"},"primaryImageOfPage":{"@id":"https:\/\/kenguru.ee\/et\/vahendid\/hoiatus-voltsimine\/#primaryimage"},"image":{"@id":"https:\/\/kenguru.ee\/et\/vahendid\/hoiatus-voltsimine\/#primaryimage"},"thumbnailUrl":"https:\/\/kenguru.ee\/wp-content\/uploads\/2022\/05\/001-1-5-1.jpg","datePublished":"2022-05-08T09:47:06+00:00","dateModified":"2022-12-20T11:53:08+00:00","description":"KENGURU PRO pakub vastupidavaid ja kvaliteetseid spordivahendeid k\u00f5igile tasemetele \u2013 t\u00e4navatreening, parkour, poks ja palju muud. Tellige Eestist!","breadcrumb":{"@id":"https:\/\/kenguru.ee\/et\/vahendid\/hoiatus-voltsimine\/#breadcrumb"},"inLanguage":"et","potentialAction":[{"@type":"ReadAction","target":["https:\/\/kenguru.ee\/et\/vahendid\/hoiatus-voltsimine\/"]}]},{"@type":"ImageObject","inLanguage":"et","@id":"https:\/\/kenguru.ee\/et\/vahendid\/hoiatus-voltsimine\/#primaryimage","url":"https:\/\/kenguru.ee\/wp-content\/uploads\/2022\/05\/001-1-5-1.jpg","contentUrl":"https:\/\/kenguru.ee\/wp-content\/uploads\/2022\/05\/001-1-5-1.jpg"},{"@type":"BreadcrumbList","@id":"https:\/\/kenguru.ee\/et\/vahendid\/hoiatus-voltsimine\/#breadcrumb","itemListElement":[{"@type":"ListItem","position":1,"name":"Home","item":"https:\/\/kenguru.ee\/et\/"},{"@type":"ListItem","position":2,"name":"Vahendid","item":"https:\/\/kenguru.ee\/et\/resources\/"},{"@type":"ListItem","position":3,"name":"Hoiatus v\u00f5ltsimine"}]},{"@type":"WebSite","@id":"https:\/\/kenguru.ee\/et\/#website","url":"https:\/\/kenguru.ee\/et\/","name":"Kenguru.ee","description":"KENGURU PRO offers high-quality and durable sports equipment for all levels.","publisher":{"@id":"https:\/\/kenguru.ee\/et\/#organization"},"alternateName":"Kenguru","potentialAction":[{"@type":"SearchAction","target":{"@type":"EntryPoint","urlTemplate":"https:\/\/kenguru.ee\/et\/?s={search_term_string}"},"query-input":{"@type":"PropertyValueSpecification","valueRequired":true,"valueName":"search_term_string"}}],"inLanguage":"et"},{"@type":"Organization","@id":"https:\/\/kenguru.ee\/et\/#organization","name":"Kenguru","url":"https:\/\/kenguru.ee\/et\/","logo":{"@type":"ImageObject","inLanguage":"et","@id":"https:\/\/kenguru.ee\/et\/#\/schema\/logo\/image\/","url":"https:\/\/kenguru.ee\/wp-content\/uploads\/2022\/05\/kengurupro-logo-header-1.svg","contentUrl":"https:\/\/kenguru.ee\/wp-content\/uploads\/2022\/05\/kengurupro-logo-header-1.svg","width":183,"height":40,"caption":"Kenguru"},"image":{"@id":"https:\/\/kenguru.ee\/et\/#\/schema\/logo\/image\/"},"sameAs":["https:\/\/www.facebook.com\/kengurupro.ee","https:\/\/www.instagram.com\/kenguruproestonia\/","https:\/\/www.youtube.com\/channel\/UChFydElIX7LJIvM81crfYHQ"],"description":"KENGURU PRO is a leader in producing and installing modern sports complexes for street workout, calisthenics, and parkour. Our outdoor workout areas are designed to meet international standards and professional athletes' recommendations. Quality, usability, and stylish design are our top priorities. We promote street sports, advocate for a healthy lifestyle, and inspire young people to embrace outdoor physical activity.","email":"Info@kenguru.ee","telephone":"+372 55 020 99","legalName":"Individual Group OU"}]}},"_links":{"self":[{"href":"https:\/\/kenguru.ee\/et\/wp-json\/wp\/v2\/pages\/5634","targetHints":{"allow":["GET"]}}],"collection":[{"href":"https:\/\/kenguru.ee\/et\/wp-json\/wp\/v2\/pages"}],"about":[{"href":"https:\/\/kenguru.ee\/et\/wp-json\/wp\/v2\/types\/page"}],"author":[{"embeddable":true,"href":"https:\/\/kenguru.ee\/et\/wp-json\/wp\/v2\/users\/1"}],"replies":[{"embeddable":true,"href":"https:\/\/kenguru.ee\/et\/wp-json\/wp\/v2\/comments?post=5634"}],"version-history":[{"count":1,"href":"https:\/\/kenguru.ee\/et\/wp-json\/wp\/v2\/pages\/5634\/revisions"}],"predecessor-version":[{"id":5635,"href":"https:\/\/kenguru.ee\/et\/wp-json\/wp\/v2\/pages\/5634\/revisions\/5635"}],"up":[{"embeddable":true,"href":"https:\/\/kenguru.ee\/et\/wp-json\/wp\/v2\/pages\/5653"}],"wp:attachment":[{"href":"https:\/\/kenguru.ee\/et\/wp-json\/wp\/v2\/media?parent=5634"}],"curies":[{"name":"wp","href":"https:\/\/api.w.org\/{rel}","templated":true}]}}