{"id":6077,"date":"2025-01-27T15:57:50","date_gmt":"2025-01-27T12:57:50","guid":{"rendered":"https:\/\/kenguru.ee\/?page_id=6077"},"modified":"2025-01-27T15:57:51","modified_gmt":"2025-01-27T12:57:51","slug":"privaatsuspoliitika","status":"publish","type":"page","link":"https:\/\/kenguru.ee\/et\/privaatsuspoliitika\/","title":{"rendered":"Privaatsuspoliitika"},"content":{"rendered":"<p><strong>Individual Group OU<\/strong><br>Reg. Nr.: 12526693<br>KMKR: EE101795104<br><strong>Email:<\/strong> <a>info@kenguru.ee<\/a><br><strong>Telefon:<\/strong> +372 55 020 99<\/p><p>Teie privaatsus on meile oluline. Selles dokumendis selgitame, milliseid andmeid kogume, kuidas neid kasutame ja kaitseme.<\/p><h4 class=\"wp-block-heading\" id=\"h-1-andmete-kogumine-ja-kasutamine\">1. Andmete kogumine ja kasutamine<\/h4><p>Me v\u00f5ime koguda j\u00e4rgmist teavet:<\/p><ul class=\"wp-block-list\"><li>Isikuandmed (nimi, email, telefoninumber), mille olete esitanud registreerumisel v\u00f5i p\u00e4ringu saatmisel.<\/li>\n\n<li>Tehnilised andmed (IP-aadress, brauseri t\u00fc\u00fcp, operatsioonis\u00fcsteem).<\/li><\/ul><p><strong>Andmete kasutamise eesm\u00e4rgid:<\/strong><\/p><ul class=\"wp-block-list\"><li>Teenuste osutamine ja p\u00e4ringutele vastamine.<\/li>\n\n<li>Veebisaidi t\u00e4iustamine.<\/li>\n\n<li>Turundusanal\u00fc\u00fcs (teie n\u00f5usolekul).<\/li><\/ul><h4 class=\"wp-block-heading\" id=\"h-2-andmete-jagamine\">2. Andmete jagamine<\/h4><p>Me ei jaga teie andmeid kolmandate osapooltega ilma teie n\u00f5usolekuta, v\u00e4lja arvatud seadusest tulenevate kohustuste v\u00f5i koost\u00f6\u00f6partneritega t\u00f6\u00f6tamise korral.<\/p><h4 class=\"wp-block-heading\" id=\"h-3-andmete-sailitamine-ja-kaitse\">3. Andmete s\u00e4ilitamine ja kaitse<\/h4><p>Andmeid s\u00e4ilitatakse turvalistes s\u00fcsteemides ja neid kasutatakse ainult m\u00e4\u00e4ratletud eesm\u00e4rkidel.<\/p><h4 class=\"wp-block-heading\" id=\"h-4-teie-oigused\">4. Teie \u00f5igused<\/h4><p>Teil on \u00f5igus taotleda juurdep\u00e4\u00e4su oma andmetele, nende muutmist v\u00f5i kustutamist, samuti loobuda turunduskommunikatsioonist.<\/p><p>Viimati uuendatud: 25.01.2025<\/p>","protected":false},"excerpt":{"rendered":"<p>Individual Group OUReg. Nr.: 12526693KMKR: EE101795104Email: info@kenguru.eeTelefon: +372 55 020 99 Teie privaatsus on meile oluline. Selles dokumendis selgitame, milliseid andmeid kogume, kuidas neid kasutame ja kaitseme. 1. Andmete kogumine ja kasutamine Me v\u00f5ime koguda j\u00e4rgmist teavet: Andmete kasutamise eesm\u00e4rgid: 2. Andmete jagamine Me ei jaga teie andmeid kolmandate osapooltega ilma teie n\u00f5usolekuta, v\u00e4lja arvatud &hellip;<\/p>\n<p class=\"read-more\"> <a class=\"\" href=\"https:\/\/kenguru.ee\/et\/privaatsuspoliitika\/\"> <span class=\"screen-reader-text\">Privaatsuspoliitika<\/span> Read More &raquo;<\/a><\/p>\n","protected":false},"author":99,"featured_media":0,"parent":0,"menu_order":0,"comment_status":"closed","ping_status":"closed","template":"","meta":{"site-sidebar-layout":"default","site-content-layout":"default","ast-global-header-display":"","ast-main-header-display":"","ast-hfb-above-header-display":"","ast-hfb-below-header-display":"","ast-hfb-mobile-header-display":"","site-post-title":"","ast-breadcrumbs-content":"","ast-featured-img":"","footer-sml-layout":"","theme-transparent-header-meta":"","adv-header-id-meta":"","stick-header-meta":"","header-above-stick-meta":"","header-main-stick-meta":"","header-below-stick-meta":"","footnotes":""},"class_list":["post-6077","page","type-page","status-publish","hentry"],"yoast_head":"<!-- This site is optimized with the Yoast SEO Premium plugin v24.2 (Yoast SEO v24.3) - https:\/\/yoast.com\/wordpress\/plugins\/seo\/ -->\n<title>Privaatsuspoliitika - Kenguru<\/title>\n<meta name=\"description\" content=\"KENGURU PRO pakub vastupidavaid ja kvaliteetseid spordivahendeid k\u00f5igile tasemetele \u2013 t\u00e4navatreening, parkour, poks ja palju muud. Tellige Eestist!\" \/>\n<meta name=\"robots\" content=\"index, follow, max-snippet:-1, max-image-preview:large, max-video-preview:-1\" \/>\n<link rel=\"canonical\" href=\"https:\/\/kenguru.ee\/et\/privaatsuspoliitika\/\" \/>\n<meta property=\"og:locale\" content=\"et_EE\" \/>\n<meta property=\"og:type\" content=\"article\" \/>\n<meta property=\"og:title\" content=\"High-quality and durable sports equipment for all levels \u2014 KENGURU PRO\" \/>\n<meta property=\"og:description\" content=\"KENGURU PRO offers high-quality and durable sports equipment for all levels \u2014 street workout, parkour, boxing, basketball, and much more. Order in Estonia today!\" \/>\n<meta property=\"og:url\" content=\"https:\/\/kenguru.ee\/et\/privaatsuspoliitika\/\" \/>\n<meta property=\"og:site_name\" content=\"Kenguru\" \/>\n<meta property=\"article:publisher\" content=\"https:\/\/www.facebook.com\/kengurupro.ee\" \/>\n<meta property=\"article:modified_time\" content=\"2025-01-27T12:57:51+00:00\" \/>\n<meta property=\"og:image\" content=\"https:\/\/kenguru.ee\/wp-content\/uploads\/2025\/01\/seo-kenguru.jpg\" \/>\n\t<meta property=\"og:image:width\" content=\"1200\" \/>\n\t<meta property=\"og:image:height\" content=\"675\" \/>\n\t<meta property=\"og:image:type\" content=\"image\/jpeg\" \/>\n<meta name=\"twitter:card\" content=\"summary_large_image\" \/>\n<meta name=\"twitter:label1\" content=\"Est. reading time\" \/>\n\t<meta name=\"twitter:data1\" content=\"1 minut\" \/>\n<script type=\"application\/ld+json\" class=\"yoast-schema-graph\">{\"@context\":\"https:\/\/schema.org\",\"@graph\":[{\"@type\":\"WebPage\",\"@id\":\"https:\/\/kenguru.ee\/et\/privaatsuspoliitika\/\",\"url\":\"https:\/\/kenguru.ee\/et\/privaatsuspoliitika\/\",\"name\":\"Privaatsuspoliitika - Kenguru\",\"isPartOf\":{\"@id\":\"https:\/\/kenguru.ee\/et\/#website\"},\"datePublished\":\"2025-01-27T12:57:50+00:00\",\"dateModified\":\"2025-01-27T12:57:51+00:00\",\"description\":\"KENGURU PRO pakub vastupidavaid ja kvaliteetseid spordivahendeid k\u00f5igile tasemetele \u2013 t\u00e4navatreening, parkour, poks ja palju muud. Tellige Eestist!\",\"breadcrumb\":{\"@id\":\"https:\/\/kenguru.ee\/et\/privaatsuspoliitika\/#breadcrumb\"},\"inLanguage\":\"et\",\"potentialAction\":[{\"@type\":\"ReadAction\",\"target\":[\"https:\/\/kenguru.ee\/et\/privaatsuspoliitika\/\"]}]},{\"@type\":\"BreadcrumbList\",\"@id\":\"https:\/\/kenguru.ee\/et\/privaatsuspoliitika\/#breadcrumb\",\"itemListElement\":[{\"@type\":\"ListItem\",\"position\":1,\"name\":\"Home\",\"item\":\"https:\/\/kenguru.ee\/et\/\"},{\"@type\":\"ListItem\",\"position\":2,\"name\":\"Privaatsuspoliitika\"}]},{\"@type\":\"WebSite\",\"@id\":\"https:\/\/kenguru.ee\/et\/#website\",\"url\":\"https:\/\/kenguru.ee\/et\/\",\"name\":\"Kenguru.ee\",\"description\":\"KENGURU PRO offers high-quality and durable sports equipment for all levels.\",\"publisher\":{\"@id\":\"https:\/\/kenguru.ee\/et\/#organization\"},\"alternateName\":\"Kenguru\",\"potentialAction\":[{\"@type\":\"SearchAction\",\"target\":{\"@type\":\"EntryPoint\",\"urlTemplate\":\"https:\/\/kenguru.ee\/et\/?s={search_term_string}\"},\"query-input\":{\"@type\":\"PropertyValueSpecification\",\"valueRequired\":true,\"valueName\":\"search_term_string\"}}],\"inLanguage\":\"et\"},{\"@type\":\"Organization\",\"@id\":\"https:\/\/kenguru.ee\/et\/#organization\",\"name\":\"Kenguru\",\"url\":\"https:\/\/kenguru.ee\/et\/\",\"logo\":{\"@type\":\"ImageObject\",\"inLanguage\":\"et\",\"@id\":\"https:\/\/kenguru.ee\/et\/#\/schema\/logo\/image\/\",\"url\":\"https:\/\/kenguru.ee\/wp-content\/uploads\/2022\/05\/kengurupro-logo-header-1.svg\",\"contentUrl\":\"https:\/\/kenguru.ee\/wp-content\/uploads\/2022\/05\/kengurupro-logo-header-1.svg\",\"width\":183,\"height\":40,\"caption\":\"Kenguru\"},\"image\":{\"@id\":\"https:\/\/kenguru.ee\/et\/#\/schema\/logo\/image\/\"},\"sameAs\":[\"https:\/\/www.facebook.com\/kengurupro.ee\",\"https:\/\/www.instagram.com\/kenguruproestonia\/\",\"https:\/\/www.youtube.com\/channel\/UChFydElIX7LJIvM81crfYHQ\"],\"description\":\"KENGURU PRO is a leader in producing and installing modern sports complexes for street workout, calisthenics, and parkour. Our outdoor workout areas are designed to meet international standards and professional athletes' recommendations. Quality, usability, and stylish design are our top priorities. We promote street sports, advocate for a healthy lifestyle, and inspire young people to embrace outdoor physical activity.\",\"email\":\"Info@kenguru.ee\",\"telephone\":\"+372 55 020 99\",\"legalName\":\"Individual Group OU\"}]}<\/script>\n<!-- \/ Yoast SEO Premium plugin. -->","yoast_head_json":{"title":"Privaatsuspoliitika - Kenguru","description":"KENGURU PRO pakub vastupidavaid ja kvaliteetseid spordivahendeid k\u00f5igile tasemetele \u2013 t\u00e4navatreening, parkour, poks ja palju muud. Tellige Eestist!","robots":{"index":"index","follow":"follow","max-snippet":"max-snippet:-1","max-image-preview":"max-image-preview:large","max-video-preview":"max-video-preview:-1"},"canonical":"https:\/\/kenguru.ee\/et\/privaatsuspoliitika\/","og_locale":"et_EE","og_type":"article","og_title":"High-quality and durable sports equipment for all levels \u2014 KENGURU PRO","og_description":"KENGURU PRO offers high-quality and durable sports equipment for all levels \u2014 street workout, parkour, boxing, basketball, and much more. Order in Estonia today!","og_url":"https:\/\/kenguru.ee\/et\/privaatsuspoliitika\/","og_site_name":"Kenguru","article_publisher":"https:\/\/www.facebook.com\/kengurupro.ee","article_modified_time":"2025-01-27T12:57:51+00:00","og_image":[{"width":1200,"height":675,"url":"https:\/\/kenguru.ee\/wp-content\/uploads\/2025\/01\/seo-kenguru.jpg","type":"image\/jpeg"}],"twitter_card":"summary_large_image","twitter_misc":{"Est. reading time":"1 minut"},"schema":{"@context":"https:\/\/schema.org","@graph":[{"@type":"WebPage","@id":"https:\/\/kenguru.ee\/et\/privaatsuspoliitika\/","url":"https:\/\/kenguru.ee\/et\/privaatsuspoliitika\/","name":"Privaatsuspoliitika - Kenguru","isPartOf":{"@id":"https:\/\/kenguru.ee\/et\/#website"},"datePublished":"2025-01-27T12:57:50+00:00","dateModified":"2025-01-27T12:57:51+00:00","description":"KENGURU PRO pakub vastupidavaid ja kvaliteetseid spordivahendeid k\u00f5igile tasemetele \u2013 t\u00e4navatreening, parkour, poks ja palju muud. Tellige Eestist!","breadcrumb":{"@id":"https:\/\/kenguru.ee\/et\/privaatsuspoliitika\/#breadcrumb"},"inLanguage":"et","potentialAction":[{"@type":"ReadAction","target":["https:\/\/kenguru.ee\/et\/privaatsuspoliitika\/"]}]},{"@type":"BreadcrumbList","@id":"https:\/\/kenguru.ee\/et\/privaatsuspoliitika\/#breadcrumb","itemListElement":[{"@type":"ListItem","position":1,"name":"Home","item":"https:\/\/kenguru.ee\/et\/"},{"@type":"ListItem","position":2,"name":"Privaatsuspoliitika"}]},{"@type":"WebSite","@id":"https:\/\/kenguru.ee\/et\/#website","url":"https:\/\/kenguru.ee\/et\/","name":"Kenguru.ee","description":"KENGURU PRO offers high-quality and durable sports equipment for all levels.","publisher":{"@id":"https:\/\/kenguru.ee\/et\/#organization"},"alternateName":"Kenguru","potentialAction":[{"@type":"SearchAction","target":{"@type":"EntryPoint","urlTemplate":"https:\/\/kenguru.ee\/et\/?s={search_term_string}"},"query-input":{"@type":"PropertyValueSpecification","valueRequired":true,"valueName":"search_term_string"}}],"inLanguage":"et"},{"@type":"Organization","@id":"https:\/\/kenguru.ee\/et\/#organization","name":"Kenguru","url":"https:\/\/kenguru.ee\/et\/","logo":{"@type":"ImageObject","inLanguage":"et","@id":"https:\/\/kenguru.ee\/et\/#\/schema\/logo\/image\/","url":"https:\/\/kenguru.ee\/wp-content\/uploads\/2022\/05\/kengurupro-logo-header-1.svg","contentUrl":"https:\/\/kenguru.ee\/wp-content\/uploads\/2022\/05\/kengurupro-logo-header-1.svg","width":183,"height":40,"caption":"Kenguru"},"image":{"@id":"https:\/\/kenguru.ee\/et\/#\/schema\/logo\/image\/"},"sameAs":["https:\/\/www.facebook.com\/kengurupro.ee","https:\/\/www.instagram.com\/kenguruproestonia\/","https:\/\/www.youtube.com\/channel\/UChFydElIX7LJIvM81crfYHQ"],"description":"KENGURU PRO is a leader in producing and installing modern sports complexes for street workout, calisthenics, and parkour. Our outdoor workout areas are designed to meet international standards and professional athletes' recommendations. Quality, usability, and stylish design are our top priorities. We promote street sports, advocate for a healthy lifestyle, and inspire young people to embrace outdoor physical activity.","email":"Info@kenguru.ee","telephone":"+372 55 020 99","legalName":"Individual Group OU"}]}},"_links":{"self":[{"href":"https:\/\/kenguru.ee\/et\/wp-json\/wp\/v2\/pages\/6077","targetHints":{"allow":["GET"]}}],"collection":[{"href":"https:\/\/kenguru.ee\/et\/wp-json\/wp\/v2\/pages"}],"about":[{"href":"https:\/\/kenguru.ee\/et\/wp-json\/wp\/v2\/types\/page"}],"author":[{"embeddable":true,"href":"https:\/\/kenguru.ee\/et\/wp-json\/wp\/v2\/users\/99"}],"replies":[{"embeddable":true,"href":"https:\/\/kenguru.ee\/et\/wp-json\/wp\/v2\/comments?post=6077"}],"version-history":[{"count":1,"href":"https:\/\/kenguru.ee\/et\/wp-json\/wp\/v2\/pages\/6077\/revisions"}],"predecessor-version":[{"id":6078,"href":"https:\/\/kenguru.ee\/et\/wp-json\/wp\/v2\/pages\/6077\/revisions\/6078"}],"wp:attachment":[{"href":"https:\/\/kenguru.ee\/et\/wp-json\/wp\/v2\/media?parent=6077"}],"curies":[{"name":"wp","href":"https:\/\/api.w.org\/{rel}","templated":true}]}}