{"id":5424,"date":"2022-06-20T22:44:15","date_gmt":"2022-06-20T19:44:15","guid":{"rendered":"https:\/\/kenguru.ee\/product\/k-024_kids\/"},"modified":"2022-11-27T00:31:24","modified_gmt":"2022-11-26T21:31:24","slug":"k-024_kids","status":"publish","type":"product","link":"https:\/\/kenguru.ee\/et\/toode\/k-024_kids\/","title":{"rendered":"K-024_kids"},"content":{"rendered":"","protected":false},"excerpt":{"rendered":"<p>Mini complex GTO kids<\/p>\n<div class=\"cpt-content\">\n<p>The complex consists of four vertical columns of different heights, two crossbars 1200 mm in length, a climbing wall and a Swedish wall. Optionally, two 1200 mm crossbars can be re-designed to be 1758 mm in length. Height of the Swedish wall and climbing wall \u2013 2073 mm, width \u2013 1200 mm. The distance between each crossbar of the Swedish wall \u2013 407 mm. The complex is secured together with aluminium clamps.<\/p>\n<p><strong>Installation instructions:<\/strong><\/p>\n<p>\u2022 Choose a suitable underground for the unit!<br \/>\n\u2022 Prepare the construction pit with a drilling machine or other devices.<br \/>\n\u2022 Before pouring the concrete all structures elements must be leveled and fixed.<br \/>\n\u2022 Complex elements must be fixed and bolted together with metal clamps.<br \/>\n\u2022 Ready-made C25 concrete should be used.<br \/>\n\u2022 Crossbars installation height can be changed according to customers wishes.<br \/>\n\u2022 Approximately 0,15m3 concrete is needed for each spot foundation.<br \/>\n\u2022 Under the structures we recommend to install absorbing rubber cover.<\/p>\n<p><i>The size of the hole for the foundation is depending on the consistency of the ground. The dimensions mentioned above are applicable for normal conditions with firm ground. If the ground is extremely soft, a much bigger e installation instructions closely!!!<\/i><\/p>\n<\/div>\n<div class=\"cpt-specs\">\n<ul>\n<li>Toode kood: K-024_kids<\/li>\n<li>K\u00f5rgus: 2650 mm<\/li>\n<li>Kaal: 237,6 kg<\/li>\n<li>M\u00f5\u00f5dud: 1416 mm x 1416 mm<\/li>\n<li>Minimaalne n\u00f5utav paigaldusala: 5716 mm x 5666 mm<\/li>\n<\/ul>\n<\/div>\n<p><strong style=\"font-size: 16px; font-family: -apple-system, BlinkMacSystemFont, 'Segoe UI', Roboto, Oxygen-Sans, Ubuntu, Cantarell, 'Helvetica Neue', sans-serif;\"><a href=\"https:\/\/newtest.kenguru.ee\/wp-content\/uploads\/2022\/06\/K024_kids_2021.pdf\" target=\"_blank\" rel=\"noopener\">[wpfa5s icon=\"fa-file-arrow-up\"] Technical data sheet (PDF)<\/a><\/strong><\/p>\n<div class=\"cpt-specs\">\n<p><strong><a href=\"https:\/\/newtest.kenguru.ee\/wp-content\/uploads\/2022\/06\/K024_kids_2021.dwg\" target=\"_blank\" rel=\"noopener\">[wpfa5s icon=\"fa-file-arrow-up\"] DWG (download)<\/a><\/strong><\/p>\n<p><strong><a href=\"https:\/\/newtest.kenguru.ee\/wp-content\/uploads\/2022\/06\/K024_kids_3D_2021.dwg\" target=\"_blank\" rel=\"noopener\">[wpfa5s icon=\"fa-file-arrow-up\"] 3D DWG (download)<\/a><\/strong><\/p>\n<\/div>\n","protected":false},"featured_media":4630,"template":"","meta":{"site-sidebar-layout":"default","site-content-layout":"default","ast-global-header-display":"","ast-main-header-display":"","ast-hfb-above-header-display":"","ast-hfb-below-header-display":"","ast-hfb-mobile-header-display":"","site-post-title":"","ast-breadcrumbs-content":"","ast-featured-img":"","footer-sml-layout":"","theme-transparent-header-meta":"default","adv-header-id-meta":"","stick-header-meta":"","header-above-stick-meta":"","header-main-stick-meta":"","header-below-stick-meta":""},"product_brand":[],"product_cat":[65],"product_tag":[],"class_list":{"0":"post-5424","1":"product","2":"type-product","3":"status-publish","4":"has-post-thumbnail","6":"product_cat-kids-workout-equipment-et","7":"desktop-align-left","8":"tablet-align-left","9":"mobile-align-left","11":"first","12":"instock","13":"shipping-taxable","14":"product-type-simple"},"yoast_head":"<!-- This site is optimized with the Yoast SEO Premium plugin v24.2 (Yoast SEO v24.3) - https:\/\/yoast.com\/wordpress\/plugins\/seo\/ -->\n<title>K-024_kids - Kenguru<\/title>\n<meta name=\"robots\" content=\"index, follow, max-snippet:-1, max-image-preview:large, max-video-preview:-1\" \/>\n<link rel=\"canonical\" href=\"https:\/\/kenguru.ee\/et\/toode\/k-024_kids\/\" \/>\n<meta property=\"og:locale\" content=\"et_EE\" \/>\n<meta property=\"og:type\" content=\"article\" \/>\n<meta property=\"og:title\" content=\"K-024_kids\" \/>\n<meta property=\"og:description\" content=\"Mini complex GTO kids  The complex consists of four vertical columns of different heights, two crossbars 1200 mm in length, a climbing wall and a Swedish wall. Optionally, two 1200 mm crossbars can be re-designed to be 1758 mm in length. Height of the Swedish wall and climbing wall \u2013 2073 mm, width \u2013 1200 mm. The distance between each crossbar of the Swedish wall \u2013 407 mm. The complex is secured together with aluminium clamps. Installation instructions: \u2022 Choose a suitable underground for the unit! \u2022 Prepare the construction pit with a drilling machine or other devices. \u2022 Before pouring the concrete all structures elements must be leveled and fixed. \u2022 Complex elements must be fixed and bolted together with metal clamps. \u2022 Ready-made C25 concrete should be used. \u2022 Crossbars installation height can be changed according to customers wishes. \u2022 Approximately 0,15m3 concrete is needed for each spot foundation. \u2022 Under the structures we recommend to install absorbing rubber cover. The size of the hole for the foundation is depending on the consistency of the ground. The dimensions mentioned above are applicable for normal conditions with firm ground. If the ground is extremely soft, a much bigger e installation instructions closely!!!    Toode kood: K-024_kids  K\u00f5rgus: 2650 mm  Kaal: 237,6 kg  M\u00f5\u00f5dud: 1416 mm x 1416 mm  Minimaalne n\u00f5utav paigaldusala: 5716 mm x 5666 mm  Technical data sheet (PDF)  DWG (download)  3D DWG (download)\" \/>\n<meta property=\"og:url\" content=\"https:\/\/kenguru.ee\/et\/toode\/k-024_kids\/\" \/>\n<meta property=\"og:site_name\" content=\"Kenguru\" \/>\n<meta property=\"article:publisher\" content=\"https:\/\/www.facebook.com\/kengurupro.ee\" \/>\n<meta property=\"article:modified_time\" content=\"2022-11-26T21:31:24+00:00\" \/>\n<meta property=\"og:image\" content=\"https:\/\/kenguru.ee\/wp-content\/uploads\/2022\/06\/\u041aIDS-024.jpg\" \/>\n\t<meta property=\"og:image:width\" content=\"800\" \/>\n\t<meta property=\"og:image:height\" content=\"800\" \/>\n\t<meta property=\"og:image:type\" content=\"image\/jpeg\" \/>\n<meta name=\"twitter:card\" content=\"summary_large_image\" \/>\n<script type=\"application\/ld+json\" class=\"yoast-schema-graph\">{\"@context\":\"https:\/\/schema.org\",\"@graph\":[{\"@type\":\"WebPage\",\"@id\":\"https:\/\/kenguru.ee\/et\/toode\/k-024_kids\/\",\"url\":\"https:\/\/kenguru.ee\/et\/toode\/k-024_kids\/\",\"name\":\"K-024_kids - Kenguru\",\"isPartOf\":{\"@id\":\"https:\/\/kenguru.ee\/et\/#website\"},\"primaryImageOfPage\":{\"@id\":\"https:\/\/kenguru.ee\/et\/toode\/k-024_kids\/#primaryimage\"},\"image\":{\"@id\":\"https:\/\/kenguru.ee\/et\/toode\/k-024_kids\/#primaryimage\"},\"thumbnailUrl\":\"https:\/\/kenguru.ee\/wp-content\/uploads\/2022\/06\/\u041aIDS-024.jpg\",\"datePublished\":\"2022-06-20T19:44:15+00:00\",\"dateModified\":\"2022-11-26T21:31:24+00:00\",\"breadcrumb\":{\"@id\":\"https:\/\/kenguru.ee\/et\/toode\/k-024_kids\/#breadcrumb\"},\"inLanguage\":\"et\",\"potentialAction\":[{\"@type\":\"ReadAction\",\"target\":[\"https:\/\/kenguru.ee\/et\/toode\/k-024_kids\/\"]}]},{\"@type\":\"ImageObject\",\"inLanguage\":\"et\",\"@id\":\"https:\/\/kenguru.ee\/et\/toode\/k-024_kids\/#primaryimage\",\"url\":\"https:\/\/kenguru.ee\/wp-content\/uploads\/2022\/06\/\u041aIDS-024.jpg\",\"contentUrl\":\"https:\/\/kenguru.ee\/wp-content\/uploads\/2022\/06\/\u041aIDS-024.jpg\",\"width\":800,\"height\":800},{\"@type\":\"BreadcrumbList\",\"@id\":\"https:\/\/kenguru.ee\/et\/toode\/k-024_kids\/#breadcrumb\",\"itemListElement\":[{\"@type\":\"ListItem\",\"position\":1,\"name\":\"Home\",\"item\":\"https:\/\/kenguru.ee\/et\/\"},{\"@type\":\"ListItem\",\"position\":2,\"name\":\"\u041c\u0430\u0433\u0430\u0437\u0438\u043d\",\"item\":\"https:\/\/kenguru.ee\/et\/shop-2\/\"},{\"@type\":\"ListItem\",\"position\":3,\"name\":\"K-024_kids\"}]},{\"@type\":\"WebSite\",\"@id\":\"https:\/\/kenguru.ee\/et\/#website\",\"url\":\"https:\/\/kenguru.ee\/et\/\",\"name\":\"Kenguru.ee\",\"description\":\"KENGURU PRO offers high-quality and durable sports equipment for all levels.\",\"publisher\":{\"@id\":\"https:\/\/kenguru.ee\/et\/#organization\"},\"alternateName\":\"Kenguru\",\"potentialAction\":[{\"@type\":\"SearchAction\",\"target\":{\"@type\":\"EntryPoint\",\"urlTemplate\":\"https:\/\/kenguru.ee\/et\/?s={search_term_string}\"},\"query-input\":{\"@type\":\"PropertyValueSpecification\",\"valueRequired\":true,\"valueName\":\"search_term_string\"}}],\"inLanguage\":\"et\"},{\"@type\":\"Organization\",\"@id\":\"https:\/\/kenguru.ee\/et\/#organization\",\"name\":\"Kenguru\",\"url\":\"https:\/\/kenguru.ee\/et\/\",\"logo\":{\"@type\":\"ImageObject\",\"inLanguage\":\"et\",\"@id\":\"https:\/\/kenguru.ee\/et\/#\/schema\/logo\/image\/\",\"url\":\"https:\/\/kenguru.ee\/wp-content\/uploads\/2022\/05\/kengurupro-logo-header-1.svg\",\"contentUrl\":\"https:\/\/kenguru.ee\/wp-content\/uploads\/2022\/05\/kengurupro-logo-header-1.svg\",\"width\":183,\"height\":40,\"caption\":\"Kenguru\"},\"image\":{\"@id\":\"https:\/\/kenguru.ee\/et\/#\/schema\/logo\/image\/\"},\"sameAs\":[\"https:\/\/www.facebook.com\/kengurupro.ee\",\"https:\/\/www.instagram.com\/kenguruproestonia\/\",\"https:\/\/www.youtube.com\/channel\/UChFydElIX7LJIvM81crfYHQ\"],\"description\":\"KENGURU PRO is a leader in producing and installing modern sports complexes for street workout, calisthenics, and parkour. Our outdoor workout areas are designed to meet international standards and professional athletes' recommendations. Quality, usability, and stylish design are our top priorities. We promote street sports, advocate for a healthy lifestyle, and inspire young people to embrace outdoor physical activity.\",\"email\":\"Info@kenguru.ee\",\"telephone\":\"+372 55 020 99\",\"legalName\":\"Individual Group OU\"}]}<\/script>\n<!-- \/ Yoast SEO Premium plugin. -->","yoast_head_json":{"title":"K-024_kids - Kenguru","robots":{"index":"index","follow":"follow","max-snippet":"max-snippet:-1","max-image-preview":"max-image-preview:large","max-video-preview":"max-video-preview:-1"},"canonical":"https:\/\/kenguru.ee\/et\/toode\/k-024_kids\/","og_locale":"et_EE","og_type":"article","og_title":"K-024_kids","og_description":"Mini complex GTO kids  The complex consists of four vertical columns of different heights, two crossbars 1200 mm in length, a climbing wall and a Swedish wall. Optionally, two 1200 mm crossbars can be re-designed to be 1758 mm in length. Height of the Swedish wall and climbing wall \u2013 2073 mm, width \u2013 1200 mm. The distance between each crossbar of the Swedish wall \u2013 407 mm. The complex is secured together with aluminium clamps. Installation instructions: \u2022 Choose a suitable underground for the unit! \u2022 Prepare the construction pit with a drilling machine or other devices. \u2022 Before pouring the concrete all structures elements must be leveled and fixed. \u2022 Complex elements must be fixed and bolted together with metal clamps. \u2022 Ready-made C25 concrete should be used. \u2022 Crossbars installation height can be changed according to customers wishes. \u2022 Approximately 0,15m3 concrete is needed for each spot foundation. \u2022 Under the structures we recommend to install absorbing rubber cover. The size of the hole for the foundation is depending on the consistency of the ground. The dimensions mentioned above are applicable for normal conditions with firm ground. If the ground is extremely soft, a much bigger e installation instructions closely!!!    Toode kood: K-024_kids  K\u00f5rgus: 2650 mm  Kaal: 237,6 kg  M\u00f5\u00f5dud: 1416 mm x 1416 mm  Minimaalne n\u00f5utav paigaldusala: 5716 mm x 5666 mm  Technical data sheet (PDF)  DWG (download)  3D DWG (download)","og_url":"https:\/\/kenguru.ee\/et\/toode\/k-024_kids\/","og_site_name":"Kenguru","article_publisher":"https:\/\/www.facebook.com\/kengurupro.ee","article_modified_time":"2022-11-26T21:31:24+00:00","og_image":[{"width":800,"height":800,"url":"https:\/\/kenguru.ee\/wp-content\/uploads\/2022\/06\/\u041aIDS-024.jpg","type":"image\/jpeg"}],"twitter_card":"summary_large_image","schema":{"@context":"https:\/\/schema.org","@graph":[{"@type":"WebPage","@id":"https:\/\/kenguru.ee\/et\/toode\/k-024_kids\/","url":"https:\/\/kenguru.ee\/et\/toode\/k-024_kids\/","name":"K-024_kids - Kenguru","isPartOf":{"@id":"https:\/\/kenguru.ee\/et\/#website"},"primaryImageOfPage":{"@id":"https:\/\/kenguru.ee\/et\/toode\/k-024_kids\/#primaryimage"},"image":{"@id":"https:\/\/kenguru.ee\/et\/toode\/k-024_kids\/#primaryimage"},"thumbnailUrl":"https:\/\/kenguru.ee\/wp-content\/uploads\/2022\/06\/\u041aIDS-024.jpg","datePublished":"2022-06-20T19:44:15+00:00","dateModified":"2022-11-26T21:31:24+00:00","breadcrumb":{"@id":"https:\/\/kenguru.ee\/et\/toode\/k-024_kids\/#breadcrumb"},"inLanguage":"et","potentialAction":[{"@type":"ReadAction","target":["https:\/\/kenguru.ee\/et\/toode\/k-024_kids\/"]}]},{"@type":"ImageObject","inLanguage":"et","@id":"https:\/\/kenguru.ee\/et\/toode\/k-024_kids\/#primaryimage","url":"https:\/\/kenguru.ee\/wp-content\/uploads\/2022\/06\/\u041aIDS-024.jpg","contentUrl":"https:\/\/kenguru.ee\/wp-content\/uploads\/2022\/06\/\u041aIDS-024.jpg","width":800,"height":800},{"@type":"BreadcrumbList","@id":"https:\/\/kenguru.ee\/et\/toode\/k-024_kids\/#breadcrumb","itemListElement":[{"@type":"ListItem","position":1,"name":"Home","item":"https:\/\/kenguru.ee\/et\/"},{"@type":"ListItem","position":2,"name":"\u041c\u0430\u0433\u0430\u0437\u0438\u043d","item":"https:\/\/kenguru.ee\/et\/shop-2\/"},{"@type":"ListItem","position":3,"name":"K-024_kids"}]},{"@type":"WebSite","@id":"https:\/\/kenguru.ee\/et\/#website","url":"https:\/\/kenguru.ee\/et\/","name":"Kenguru.ee","description":"KENGURU PRO offers high-quality and durable sports equipment for all levels.","publisher":{"@id":"https:\/\/kenguru.ee\/et\/#organization"},"alternateName":"Kenguru","potentialAction":[{"@type":"SearchAction","target":{"@type":"EntryPoint","urlTemplate":"https:\/\/kenguru.ee\/et\/?s={search_term_string}"},"query-input":{"@type":"PropertyValueSpecification","valueRequired":true,"valueName":"search_term_string"}}],"inLanguage":"et"},{"@type":"Organization","@id":"https:\/\/kenguru.ee\/et\/#organization","name":"Kenguru","url":"https:\/\/kenguru.ee\/et\/","logo":{"@type":"ImageObject","inLanguage":"et","@id":"https:\/\/kenguru.ee\/et\/#\/schema\/logo\/image\/","url":"https:\/\/kenguru.ee\/wp-content\/uploads\/2022\/05\/kengurupro-logo-header-1.svg","contentUrl":"https:\/\/kenguru.ee\/wp-content\/uploads\/2022\/05\/kengurupro-logo-header-1.svg","width":183,"height":40,"caption":"Kenguru"},"image":{"@id":"https:\/\/kenguru.ee\/et\/#\/schema\/logo\/image\/"},"sameAs":["https:\/\/www.facebook.com\/kengurupro.ee","https:\/\/www.instagram.com\/kenguruproestonia\/","https:\/\/www.youtube.com\/channel\/UChFydElIX7LJIvM81crfYHQ"],"description":"KENGURU PRO is a leader in producing and installing modern sports complexes for street workout, calisthenics, and parkour. Our outdoor workout areas are designed to meet international standards and professional athletes' recommendations. Quality, usability, and stylish design are our top priorities. We promote street sports, advocate for a healthy lifestyle, and inspire young people to embrace outdoor physical activity.","email":"Info@kenguru.ee","telephone":"+372 55 020 99","legalName":"Individual Group OU"}]}},"_links":{"self":[{"href":"https:\/\/kenguru.ee\/et\/wp-json\/wp\/v2\/product\/5424","targetHints":{"allow":["GET"]}}],"collection":[{"href":"https:\/\/kenguru.ee\/et\/wp-json\/wp\/v2\/product"}],"about":[{"href":"https:\/\/kenguru.ee\/et\/wp-json\/wp\/v2\/types\/product"}],"wp:featuredmedia":[{"embeddable":true,"href":"https:\/\/kenguru.ee\/et\/wp-json\/wp\/v2\/media\/4630"}],"wp:attachment":[{"href":"https:\/\/kenguru.ee\/et\/wp-json\/wp\/v2\/media?parent=5424"}],"wp:term":[{"taxonomy":"product_brand","embeddable":true,"href":"https:\/\/kenguru.ee\/et\/wp-json\/wp\/v2\/product_brand?post=5424"},{"taxonomy":"product_cat","embeddable":true,"href":"https:\/\/kenguru.ee\/et\/wp-json\/wp\/v2\/product_cat?post=5424"},{"taxonomy":"product_tag","embeddable":true,"href":"https:\/\/kenguru.ee\/et\/wp-json\/wp\/v2\/product_tag?post=5424"}],"curies":[{"name":"wp","href":"https:\/\/api.w.org\/{rel}","templated":true}]}}