{"id":5528,"date":"2022-06-21T14:48:51","date_gmt":"2022-06-21T11:48:51","guid":{"rendered":"https:\/\/kenguru.ee\/product\/p-025\/"},"modified":"2022-12-01T05:27:52","modified_gmt":"2022-12-01T02:27:52","slug":"p-025","status":"publish","type":"product","link":"https:\/\/kenguru.ee\/et\/toode\/p-025\/","title":{"rendered":"P-025"},"content":{"rendered":"","protected":false},"excerpt":{"rendered":"<p>Complex PARAKENGURU MEGA+<\/p>\n<div class=\"cpt-content\">\n<p>The complex consists of twenty one backup column at the height of: 2600 mm- 9 pieces, 2000 mm- 3 piece, 1400 mm- 1 piece, 1100 mm- 4 pieces, 450 mm -4 pieces.The complex includes five pull-up bars, inclined monkey bar section, two classical monkey bar sections, swedish wall, multi-height parallel bars with bench, climb-down bars and inclined parallel bars with bench. Inclined monkey bar and inclined parallel bar height difference 996mm, lenght 1790mm, monkey bar width 1308mm, distance betveen bars 400mm. Multi-height parallel bar height difference \u2013 300mm, lenght- 1790mm, diameter- 42mm. Climb- down bar lenght 1932mm, diameter 34mm. Crossbar lenght: 4 pieces- 500mm, 5 pieces- 1200mm, diameter 34mm. All bars and sections are fixed to backup columns by means of collars. Kaal \u2013 836.70 kg.<\/p>\n<\/div>\n<div class=\"cpt-specs\">\n<ul>\n<li>Toode kood: P-025<\/li>\n<li>V\u00e4rv: RAL 7016<\/li>\n<li>M\u00f5\u00f5dud: 7479 X 9412 mm<\/li>\n<\/ul>\n<\/div>\n<p><strong style=\"font-size: 16px; font-family: -apple-system, BlinkMacSystemFont, 'Segoe UI', Roboto, Oxygen-Sans, Ubuntu, Cantarell, 'Helvetica Neue', sans-serif;\"><a href=\"https:\/\/newtest.kenguru.ee\/wp-content\/uploads\/2022\/06\/P-025_2021.pdf\" target=\"_blank\" rel=\"noopener\">[wpfa5s icon=\"fa-file-arrow-up\"] Technical data sheet (PDF)<\/a><\/strong><\/p>\n<div class=\"cpt-specs\">\n<p><strong><a href=\"https:\/\/newtest.kenguru.ee\/wp-content\/uploads\/2022\/06\/P-025_2021.dwg\" target=\"_blank\" rel=\"noopener\">[wpfa5s icon=\"fa-file-arrow-up\"] DWG (download)<\/a><\/strong><\/p>\n<p><strong><a href=\"https:\/\/newtest.kenguru.ee\/wp-content\/uploads\/2022\/06\/P-025_2021_3D.dwg\" target=\"_blank\" rel=\"noopener\">[wpfa5s icon=\"fa-file-arrow-up\"] 3D DWG (download)<\/a><\/strong><\/p>\n<\/div>\n","protected":false},"featured_media":5268,"template":"","meta":{"site-sidebar-layout":"default","site-content-layout":"default","ast-global-header-display":"","ast-main-header-display":"","ast-hfb-above-header-display":"","ast-hfb-below-header-display":"","ast-hfb-mobile-header-display":"","site-post-title":"","ast-breadcrumbs-content":"","ast-featured-img":"","footer-sml-layout":"","theme-transparent-header-meta":"default","adv-header-id-meta":"","stick-header-meta":"","header-above-stick-meta":"","header-main-stick-meta":"","header-below-stick-meta":""},"product_brand":[],"product_cat":[73],"product_tag":[],"class_list":{"0":"post-5528","1":"product","2":"type-product","3":"status-publish","4":"has-post-thumbnail","6":"product_cat-para-workout-equipment-et","7":"desktop-align-left","8":"tablet-align-left","9":"mobile-align-left","11":"first","12":"instock","13":"shipping-taxable","14":"product-type-simple"},"yoast_head":"<!-- This site is optimized with the Yoast SEO Premium plugin v24.2 (Yoast SEO v24.3) - https:\/\/yoast.com\/wordpress\/plugins\/seo\/ -->\n<title>P-025 - Kenguru<\/title>\n<meta name=\"robots\" content=\"index, follow, max-snippet:-1, max-image-preview:large, max-video-preview:-1\" \/>\n<link rel=\"canonical\" href=\"https:\/\/kenguru.ee\/et\/toode\/p-025\/\" \/>\n<meta property=\"og:locale\" content=\"et_EE\" \/>\n<meta property=\"og:type\" content=\"article\" \/>\n<meta property=\"og:title\" content=\"P-025\" \/>\n<meta property=\"og:description\" content=\"Complex PARAKENGURU MEGA+  The complex consists of twenty one backup column at the height of: 2600 mm- 9 pieces, 2000 mm- 3 piece, 1400 mm- 1 piece, 1100 mm- 4 pieces, 450 mm -4 pieces.The complex includes five pull-up bars, inclined monkey bar section, two classical monkey bar sections, swedish wall, multi-height parallel bars with bench, climb-down bars and inclined parallel bars with bench. Inclined monkey bar and inclined parallel bar height difference 996mm, lenght 1790mm, monkey bar width 1308mm, distance betveen bars 400mm. Multi-height parallel bar height difference \u2013 300mm, lenght- 1790mm, diameter- 42mm. Climb- down bar lenght 1932mm, diameter 34mm. Crossbar lenght: 4 pieces- 500mm, 5 pieces- 1200mm, diameter 34mm. All bars and sections are fixed to backup columns by means of collars. Kaal \u2013 836.70 kg.    Toode kood: P-025  V\u00e4rv: RAL 7016  M\u00f5\u00f5dud: 7479 X 9412 mm  Technical data sheet (PDF)  DWG (download)  3D DWG (download)\" \/>\n<meta property=\"og:url\" content=\"https:\/\/kenguru.ee\/et\/toode\/p-025\/\" \/>\n<meta property=\"og:site_name\" content=\"Kenguru\" \/>\n<meta property=\"article:publisher\" content=\"https:\/\/www.facebook.com\/kengurupro.ee\" \/>\n<meta property=\"article:modified_time\" content=\"2022-12-01T02:27:52+00:00\" \/>\n<meta property=\"og:image\" content=\"https:\/\/kenguru.ee\/wp-content\/uploads\/2022\/06\/P-025-1.jpg\" \/>\n\t<meta property=\"og:image:width\" content=\"1516\" \/>\n\t<meta property=\"og:image:height\" content=\"1516\" \/>\n\t<meta property=\"og:image:type\" content=\"image\/jpeg\" \/>\n<meta name=\"twitter:card\" content=\"summary_large_image\" \/>\n<script type=\"application\/ld+json\" class=\"yoast-schema-graph\">{\"@context\":\"https:\/\/schema.org\",\"@graph\":[{\"@type\":\"WebPage\",\"@id\":\"https:\/\/kenguru.ee\/et\/toode\/p-025\/\",\"url\":\"https:\/\/kenguru.ee\/et\/toode\/p-025\/\",\"name\":\"P-025 - Kenguru\",\"isPartOf\":{\"@id\":\"https:\/\/kenguru.ee\/et\/#website\"},\"primaryImageOfPage\":{\"@id\":\"https:\/\/kenguru.ee\/et\/toode\/p-025\/#primaryimage\"},\"image\":{\"@id\":\"https:\/\/kenguru.ee\/et\/toode\/p-025\/#primaryimage\"},\"thumbnailUrl\":\"https:\/\/kenguru.ee\/wp-content\/uploads\/2022\/06\/P-025-1.jpg\",\"datePublished\":\"2022-06-21T11:48:51+00:00\",\"dateModified\":\"2022-12-01T02:27:52+00:00\",\"breadcrumb\":{\"@id\":\"https:\/\/kenguru.ee\/et\/toode\/p-025\/#breadcrumb\"},\"inLanguage\":\"et\",\"potentialAction\":[{\"@type\":\"ReadAction\",\"target\":[\"https:\/\/kenguru.ee\/et\/toode\/p-025\/\"]}]},{\"@type\":\"ImageObject\",\"inLanguage\":\"et\",\"@id\":\"https:\/\/kenguru.ee\/et\/toode\/p-025\/#primaryimage\",\"url\":\"https:\/\/kenguru.ee\/wp-content\/uploads\/2022\/06\/P-025-1.jpg\",\"contentUrl\":\"https:\/\/kenguru.ee\/wp-content\/uploads\/2022\/06\/P-025-1.jpg\",\"width\":1516,\"height\":1516},{\"@type\":\"BreadcrumbList\",\"@id\":\"https:\/\/kenguru.ee\/et\/toode\/p-025\/#breadcrumb\",\"itemListElement\":[{\"@type\":\"ListItem\",\"position\":1,\"name\":\"Home\",\"item\":\"https:\/\/kenguru.ee\/et\/\"},{\"@type\":\"ListItem\",\"position\":2,\"name\":\"\u041c\u0430\u0433\u0430\u0437\u0438\u043d\",\"item\":\"https:\/\/kenguru.ee\/et\/shop-2\/\"},{\"@type\":\"ListItem\",\"position\":3,\"name\":\"P-025\"}]},{\"@type\":\"WebSite\",\"@id\":\"https:\/\/kenguru.ee\/et\/#website\",\"url\":\"https:\/\/kenguru.ee\/et\/\",\"name\":\"Kenguru.ee\",\"description\":\"KENGURU PRO offers high-quality and durable sports equipment for all levels.\",\"publisher\":{\"@id\":\"https:\/\/kenguru.ee\/et\/#organization\"},\"alternateName\":\"Kenguru\",\"potentialAction\":[{\"@type\":\"SearchAction\",\"target\":{\"@type\":\"EntryPoint\",\"urlTemplate\":\"https:\/\/kenguru.ee\/et\/?s={search_term_string}\"},\"query-input\":{\"@type\":\"PropertyValueSpecification\",\"valueRequired\":true,\"valueName\":\"search_term_string\"}}],\"inLanguage\":\"et\"},{\"@type\":\"Organization\",\"@id\":\"https:\/\/kenguru.ee\/et\/#organization\",\"name\":\"Kenguru\",\"url\":\"https:\/\/kenguru.ee\/et\/\",\"logo\":{\"@type\":\"ImageObject\",\"inLanguage\":\"et\",\"@id\":\"https:\/\/kenguru.ee\/et\/#\/schema\/logo\/image\/\",\"url\":\"https:\/\/kenguru.ee\/wp-content\/uploads\/2022\/05\/kengurupro-logo-header-1.svg\",\"contentUrl\":\"https:\/\/kenguru.ee\/wp-content\/uploads\/2022\/05\/kengurupro-logo-header-1.svg\",\"width\":183,\"height\":40,\"caption\":\"Kenguru\"},\"image\":{\"@id\":\"https:\/\/kenguru.ee\/et\/#\/schema\/logo\/image\/\"},\"sameAs\":[\"https:\/\/www.facebook.com\/kengurupro.ee\",\"https:\/\/www.instagram.com\/kenguruproestonia\/\",\"https:\/\/www.youtube.com\/channel\/UChFydElIX7LJIvM81crfYHQ\"],\"description\":\"KENGURU PRO is a leader in producing and installing modern sports complexes for street workout, calisthenics, and parkour. Our outdoor workout areas are designed to meet international standards and professional athletes' recommendations. Quality, usability, and stylish design are our top priorities. We promote street sports, advocate for a healthy lifestyle, and inspire young people to embrace outdoor physical activity.\",\"email\":\"Info@kenguru.ee\",\"telephone\":\"+372 55 020 99\",\"legalName\":\"Individual Group OU\"}]}<\/script>\n<!-- \/ Yoast SEO Premium plugin. -->","yoast_head_json":{"title":"P-025 - Kenguru","robots":{"index":"index","follow":"follow","max-snippet":"max-snippet:-1","max-image-preview":"max-image-preview:large","max-video-preview":"max-video-preview:-1"},"canonical":"https:\/\/kenguru.ee\/et\/toode\/p-025\/","og_locale":"et_EE","og_type":"article","og_title":"P-025","og_description":"Complex PARAKENGURU MEGA+  The complex consists of twenty one backup column at the height of: 2600 mm- 9 pieces, 2000 mm- 3 piece, 1400 mm- 1 piece, 1100 mm- 4 pieces, 450 mm -4 pieces.The complex includes five pull-up bars, inclined monkey bar section, two classical monkey bar sections, swedish wall, multi-height parallel bars with bench, climb-down bars and inclined parallel bars with bench. Inclined monkey bar and inclined parallel bar height difference 996mm, lenght 1790mm, monkey bar width 1308mm, distance betveen bars 400mm. Multi-height parallel bar height difference \u2013 300mm, lenght- 1790mm, diameter- 42mm. Climb- down bar lenght 1932mm, diameter 34mm. Crossbar lenght: 4 pieces- 500mm, 5 pieces- 1200mm, diameter 34mm. All bars and sections are fixed to backup columns by means of collars. Kaal \u2013 836.70 kg.    Toode kood: P-025  V\u00e4rv: RAL 7016  M\u00f5\u00f5dud: 7479 X 9412 mm  Technical data sheet (PDF)  DWG (download)  3D DWG (download)","og_url":"https:\/\/kenguru.ee\/et\/toode\/p-025\/","og_site_name":"Kenguru","article_publisher":"https:\/\/www.facebook.com\/kengurupro.ee","article_modified_time":"2022-12-01T02:27:52+00:00","og_image":[{"width":1516,"height":1516,"url":"https:\/\/kenguru.ee\/wp-content\/uploads\/2022\/06\/P-025-1.jpg","type":"image\/jpeg"}],"twitter_card":"summary_large_image","schema":{"@context":"https:\/\/schema.org","@graph":[{"@type":"WebPage","@id":"https:\/\/kenguru.ee\/et\/toode\/p-025\/","url":"https:\/\/kenguru.ee\/et\/toode\/p-025\/","name":"P-025 - Kenguru","isPartOf":{"@id":"https:\/\/kenguru.ee\/et\/#website"},"primaryImageOfPage":{"@id":"https:\/\/kenguru.ee\/et\/toode\/p-025\/#primaryimage"},"image":{"@id":"https:\/\/kenguru.ee\/et\/toode\/p-025\/#primaryimage"},"thumbnailUrl":"https:\/\/kenguru.ee\/wp-content\/uploads\/2022\/06\/P-025-1.jpg","datePublished":"2022-06-21T11:48:51+00:00","dateModified":"2022-12-01T02:27:52+00:00","breadcrumb":{"@id":"https:\/\/kenguru.ee\/et\/toode\/p-025\/#breadcrumb"},"inLanguage":"et","potentialAction":[{"@type":"ReadAction","target":["https:\/\/kenguru.ee\/et\/toode\/p-025\/"]}]},{"@type":"ImageObject","inLanguage":"et","@id":"https:\/\/kenguru.ee\/et\/toode\/p-025\/#primaryimage","url":"https:\/\/kenguru.ee\/wp-content\/uploads\/2022\/06\/P-025-1.jpg","contentUrl":"https:\/\/kenguru.ee\/wp-content\/uploads\/2022\/06\/P-025-1.jpg","width":1516,"height":1516},{"@type":"BreadcrumbList","@id":"https:\/\/kenguru.ee\/et\/toode\/p-025\/#breadcrumb","itemListElement":[{"@type":"ListItem","position":1,"name":"Home","item":"https:\/\/kenguru.ee\/et\/"},{"@type":"ListItem","position":2,"name":"\u041c\u0430\u0433\u0430\u0437\u0438\u043d","item":"https:\/\/kenguru.ee\/et\/shop-2\/"},{"@type":"ListItem","position":3,"name":"P-025"}]},{"@type":"WebSite","@id":"https:\/\/kenguru.ee\/et\/#website","url":"https:\/\/kenguru.ee\/et\/","name":"Kenguru.ee","description":"KENGURU PRO offers high-quality and durable sports equipment for all levels.","publisher":{"@id":"https:\/\/kenguru.ee\/et\/#organization"},"alternateName":"Kenguru","potentialAction":[{"@type":"SearchAction","target":{"@type":"EntryPoint","urlTemplate":"https:\/\/kenguru.ee\/et\/?s={search_term_string}"},"query-input":{"@type":"PropertyValueSpecification","valueRequired":true,"valueName":"search_term_string"}}],"inLanguage":"et"},{"@type":"Organization","@id":"https:\/\/kenguru.ee\/et\/#organization","name":"Kenguru","url":"https:\/\/kenguru.ee\/et\/","logo":{"@type":"ImageObject","inLanguage":"et","@id":"https:\/\/kenguru.ee\/et\/#\/schema\/logo\/image\/","url":"https:\/\/kenguru.ee\/wp-content\/uploads\/2022\/05\/kengurupro-logo-header-1.svg","contentUrl":"https:\/\/kenguru.ee\/wp-content\/uploads\/2022\/05\/kengurupro-logo-header-1.svg","width":183,"height":40,"caption":"Kenguru"},"image":{"@id":"https:\/\/kenguru.ee\/et\/#\/schema\/logo\/image\/"},"sameAs":["https:\/\/www.facebook.com\/kengurupro.ee","https:\/\/www.instagram.com\/kenguruproestonia\/","https:\/\/www.youtube.com\/channel\/UChFydElIX7LJIvM81crfYHQ"],"description":"KENGURU PRO is a leader in producing and installing modern sports complexes for street workout, calisthenics, and parkour. Our outdoor workout areas are designed to meet international standards and professional athletes' recommendations. Quality, usability, and stylish design are our top priorities. We promote street sports, advocate for a healthy lifestyle, and inspire young people to embrace outdoor physical activity.","email":"Info@kenguru.ee","telephone":"+372 55 020 99","legalName":"Individual Group OU"}]}},"_links":{"self":[{"href":"https:\/\/kenguru.ee\/et\/wp-json\/wp\/v2\/product\/5528","targetHints":{"allow":["GET"]}}],"collection":[{"href":"https:\/\/kenguru.ee\/et\/wp-json\/wp\/v2\/product"}],"about":[{"href":"https:\/\/kenguru.ee\/et\/wp-json\/wp\/v2\/types\/product"}],"wp:featuredmedia":[{"embeddable":true,"href":"https:\/\/kenguru.ee\/et\/wp-json\/wp\/v2\/media\/5268"}],"wp:attachment":[{"href":"https:\/\/kenguru.ee\/et\/wp-json\/wp\/v2\/media?parent=5528"}],"wp:term":[{"taxonomy":"product_brand","embeddable":true,"href":"https:\/\/kenguru.ee\/et\/wp-json\/wp\/v2\/product_brand?post=5528"},{"taxonomy":"product_cat","embeddable":true,"href":"https:\/\/kenguru.ee\/et\/wp-json\/wp\/v2\/product_cat?post=5528"},{"taxonomy":"product_tag","embeddable":true,"href":"https:\/\/kenguru.ee\/et\/wp-json\/wp\/v2\/product_tag?post=5528"}],"curies":[{"name":"wp","href":"https:\/\/api.w.org\/{rel}","templated":true}]}}